{"id":1826,"date":"2021-05-19T16:42:03","date_gmt":"2021-05-19T14:42:03","guid":{"rendered":"https:\/\/balthasar-legal.ch\/?page_id=1826"},"modified":"2025-11-24T10:20:11","modified_gmt":"2025-11-24T09:20:11","slug":"partenariats","status":"publish","type":"page","link":"https:\/\/balthasar-legal.ch\/fr\/partenariats\/","title":{"rendered":"Partenariats"},"content":{"rendered":"<p>[et_pb_section fb_built=\u00a0\u00bb1&Prime; _builder_version=\u00a0\u00bb4.27.4&Prime; background_color_gradient_direction=\u00a0\u00bb90deg\u00a0\u00bb background_image=\u00a0\u00bbhttps:\/\/balthasar-legal.ch\/wp-content\/uploads\/2025\/08\/iStock-1148254500.jpg\u00a0\u00bb custom_padding=\u00a0\u00bb10vw||10vw||true|false\u00a0\u00bb global_colors_info=\u00a0\u00bb{}\u00a0\u00bb][et_pb_row _builder_version=\u00a0\u00bb4.16&Prime; use_custom_width=\u00a0\u00bbon\u00a0\u00bb custom_width_px=\u00a0\u00bb1300px\u00a0\u00bb global_colors_info=\u00a0\u00bb{}\u00a0\u00bb][et_pb_column type=\u00a0\u00bb4_4&Prime; _builder_version=\u00a0\u00bb4.16&Prime; custom_padding=\u00a0\u00bb|||\u00a0\u00bb global_colors_info=\u00a0\u00bb{}\u00a0\u00bb custom_padding__hover=\u00a0\u00bb|||\u00a0\u00bb][et_pb_text _builder_version=\u00a0\u00bb4.27.4&Prime; background_layout=\u00a0\u00bbdark\u00a0\u00bb global_colors_info=\u00a0\u00bb{}\u00a0\u00bb]<\/p>\n<h1>Partenariats<\/h1>\n<p>[\/et_pb_text][\/et_pb_column][\/et_pb_row][\/et_pb_section][et_pb_section fb_built=\u00a0\u00bb1&Prime; _builder_version=\u00a0\u00bb4.16&Prime; global_colors_info=\u00a0\u00bb{}\u00a0\u00bb][et_pb_row use_custom_gutter=\u00a0\u00bbon\u00a0\u00bb gutter_width=\u00a0\u00bb2&Prime; _builder_version=\u00a0\u00bb4.16&Prime; custom_padding=\u00a0\u00bb11px|0px|27px|0px|false|false\u00a0\u00bb animation_direction=\u00a0\u00bbbottom\u00a0\u00bb use_custom_width=\u00a0\u00bbon\u00a0\u00bb custom_width_px=\u00a0\u00bb1300px\u00a0\u00bb global_colors_info=\u00a0\u00bb{}\u00a0\u00bb][et_pb_column type=\u00a0\u00bb4_4&Prime; _builder_version=\u00a0\u00bb4.16&Prime; custom_padding=\u00a0\u00bb|||\u00a0\u00bb global_colors_info=\u00a0\u00bb{}\u00a0\u00bb custom_padding__hover=\u00a0\u00bb|||\u00a0\u00bb][et_pb_text _builder_version=\u00a0\u00bb4.16&Prime; global_colors_info=\u00a0\u00bb{}\u00a0\u00bb]<\/p>\n<h2>L&rsquo;union fait la force<\/h2>\n<p>[\/et_pb_text][et_pb_divider divider_weight=\u00a0\u00bb3px\u00a0\u00bb _builder_version=\u00a0\u00bb4.16&Prime; max_width=\u00a0\u00bb6%\u00a0\u00bb custom_margin=\u00a0\u00bb-11px||0px\u00a0\u00bb global_colors_info=\u00a0\u00bb{}\u00a0\u00bb][\/et_pb_divider][et_pb_text _builder_version=\u00a0\u00bb4.19.2&Prime; text_font=\u00a0\u00bbPoppins||||||||\u00a0\u00bb text_line_height=\u00a0\u00bb1.8em\u00a0\u00bb header_font=\u00a0\u00bbMontserrat|700|||||||\u00a0\u00bb header_text_align=\u00a0\u00bbleft\u00a0\u00bb header_text_color=\u00a0\u00bb#343434&Prime; header_font_size=\u00a0\u00bb40px\u00a0\u00bb header_2_font=\u00a0\u00bb||||||||\u00a0\u00bb header_2_font_size=\u00a0\u00bb15px\u00a0\u00bb max_width=\u00a0\u00bb88%\u00a0\u00bb max_width_tablet=\u00a0\u00bb\u00a0\u00bb max_width_phone=\u00a0\u00bb98%\u00a0\u00bb max_width_last_edited=\u00a0\u00bbon|desktop\u00a0\u00bb global_colors_info=\u00a0\u00bb{}\u00a0\u00bb]<\/p>\n<p class=\"p1\">Nous travaillons en \u00e9quipes pluridisciplinaires avec des sp\u00e9cialistes de la s\u00e9curit\u00e9 de l&rsquo;information, des conseillers fiscaux, des conseillers d&rsquo;entreprise, des cabinets d&rsquo;avocats et des notaires.<\/p>\n<p class=\"p1\"><span class=\"Apple-converted-space\"><\/span><\/p>\n<p>[\/et_pb_text][\/et_pb_column][\/et_pb_row][et_pb_row column_structure=\u00a0\u00bb3_4,1_4&Prime; use_custom_gutter=\u00a0\u00bbon\u00a0\u00bb gutter_width=\u00a0\u00bb2&Prime; _builder_version=\u00a0\u00bb4.16&Prime; custom_padding=\u00a0\u00bb11px|0px|27px|0px|false|false\u00a0\u00bb animation_direction=\u00a0\u00bbbottom\u00a0\u00bb use_custom_width=\u00a0\u00bbon\u00a0\u00bb custom_width_px=\u00a0\u00bb1300px\u00a0\u00bb global_colors_info=\u00a0\u00bb{}\u00a0\u00bb][et_pb_column type=\u00a0\u00bb3_4&Prime; _builder_version=\u00a0\u00bb4.16&Prime; custom_padding=\u00a0\u00bb|||\u00a0\u00bb global_colors_info=\u00a0\u00bb{}\u00a0\u00bb custom_padding__hover=\u00a0\u00bb|||\u00a0\u00bb][et_pb_text _builder_version=\u00a0\u00bb4.27.4&Prime; text_font=\u00a0\u00bbPoppins||||||||\u00a0\u00bb text_line_height=\u00a0\u00bb1.8em\u00a0\u00bb header_font=\u00a0\u00bbMontserrat|700|||||||\u00a0\u00bb header_text_align=\u00a0\u00bbleft\u00a0\u00bb header_text_color=\u00a0\u00bb#343434&Prime; header_font_size=\u00a0\u00bb40px\u00a0\u00bb header_2_font=\u00a0\u00bb||||||||\u00a0\u00bb header_2_font_size=\u00a0\u00bb15px\u00a0\u00bb max_width=\u00a0\u00bb88%\u00a0\u00bb max_width_tablet=\u00a0\u00bb\u00a0\u00bb max_width_phone=\u00a0\u00bb98%\u00a0\u00bb max_width_last_edited=\u00a0\u00bbon|desktop\u00a0\u00bb global_colors_info=\u00a0\u00bb{}\u00a0\u00bb]<\/p>\n<h3>goSecurity<\/h3>\n<p>goSecurity AG est une entreprise leader dans l&rsquo;approche globale de la s\u00e9curit\u00e9 dans le domaine des technologies de l&rsquo;information (TI). Depuis 2001, les professionnels s&rsquo;occupent des int\u00e9r\u00eats des petites, moyennes et grandes entreprises, ainsi que des communes et des administrations publiques. L&rsquo;accent est mis sur la d\u00e9tection des points faibles et des probl\u00e8mes et sur la mise en place de mesures appropri\u00e9es pour y rem\u00e9dier.  <\/p>\n<p>Les comp\u00e9tences cl\u00e9s sont l&rsquo;audit global de votre s\u00e9curit\u00e9 informatique, les tests d&rsquo;intrusion dans l&rsquo;infrastructure, le conseil neutre en mati\u00e8re de s\u00e9curit\u00e9 de l&rsquo;information, l&rsquo;accompagnement vers la (certification ISO 27001 \/ 27701 \/ 22301) ainsi que la formation des collaborateurs et des professionnels de l&rsquo;informatique.<\/p>\n<p>Plus d&rsquo;informations sur <a href=\"https:\/\/www.gosecurity.ch\/\" target=\"_blank\" rel=\"noopener\">goSecurity.<\/a><\/p>\n<p class=\"p1\">\n<p>[\/et_pb_text][\/et_pb_column][et_pb_column type=\u00a0\u00bb1_4&Prime; _builder_version=\u00a0\u00bb4.16&Prime; custom_padding=\u00a0\u00bb|||\u00a0\u00bb global_colors_info=\u00a0\u00bb{}\u00a0\u00bb custom_padding__hover=\u00a0\u00bb|||\u00a0\u00bb][et_pb_image src=\u00a0\u00bbhttps:\/\/balthasar-legal.ch\/wp-content\/uploads\/2024\/07\/goSecurity_co_pos-01-1.svg\u00a0\u00bb title_text=\u00a0\u00bbgoSecurity_co_pos-01-1&Prime; _builder_version=\u00a0\u00bb4.26.0&Prime; _module_preset=\u00a0\u00bbdefault\u00a0\u00bb custom_padding=\u00a0\u00bb6px||||false|false\u00a0\u00bb global_colors_info=\u00a0\u00bb{}\u00a0\u00bb][\/et_pb_image][\/et_pb_column][\/et_pb_row][et_pb_row column_structure=\u00a0\u00bb3_4,1_4&Prime; use_custom_gutter=\u00a0\u00bbon\u00a0\u00bb gutter_width=\u00a0\u00bb2&Prime; _builder_version=\u00a0\u00bb4.16&Prime; custom_padding=\u00a0\u00bb11px|0px|27px|0px|false|false\u00a0\u00bb animation_direction=\u00a0\u00bbbottom\u00a0\u00bb use_custom_width=\u00a0\u00bbon\u00a0\u00bb custom_width_px=\u00a0\u00bb1300px\u00a0\u00bb global_colors_info=\u00a0\u00bb{}\u00a0\u00bb][et_pb_column type=\u00a0\u00bb3_4&Prime; _builder_version=\u00a0\u00bb4.16&Prime; custom_padding=\u00a0\u00bb|||\u00a0\u00bb global_colors_info=\u00a0\u00bb{}\u00a0\u00bb custom_padding__hover=\u00a0\u00bb|||\u00a0\u00bb][et_pb_text _builder_version=\u00a0\u00bb4.27.4&Prime; text_font=\u00a0\u00bbPoppins||||||||\u00a0\u00bb text_line_height=\u00a0\u00bb1.8em\u00a0\u00bb header_font=\u00a0\u00bbMontserrat|700|||||||\u00a0\u00bb header_text_align=\u00a0\u00bbleft\u00a0\u00bb header_text_color=\u00a0\u00bb#343434&Prime; header_font_size=\u00a0\u00bb40px\u00a0\u00bb header_2_font=\u00a0\u00bb||||||||\u00a0\u00bb header_2_font_size=\u00a0\u00bb15px\u00a0\u00bb max_width=\u00a0\u00bb88%\u00a0\u00bb max_width_tablet=\u00a0\u00bb\u00a0\u00bb max_width_phone=\u00a0\u00bb98%\u00a0\u00bb max_width_last_edited=\u00a0\u00bbon|desktop\u00a0\u00bb global_colors_info=\u00a0\u00bb{}\u00a0\u00bb]<\/p>\n<h3>Expertsuisse<\/h3>\n<p>EXPERTsuisse est la principale association suisse d&rsquo;experts en mati\u00e8re d&rsquo;audit, de fiscalit\u00e9 et de fiduciaire. Elle compte environ 10 000 membres individuels certifi\u00e9s &#8211; dont des experts-r\u00e9viseurs, des experts fiscaux et des experts fiduciaires &#8211; ainsi que quelque 800 entreprises membres. Depuis des d\u00e9cennies, EXPERTsuisse marque de son empreinte les normes de qualit\u00e9 et l&rsquo;offre de formation continue de la branche. L&rsquo;association est synonyme de comp\u00e9tence professionnelle, de proximit\u00e9 avec la pratique et de promotion continue des connaissances dans un environnement r\u00e9glementaire en constante \u00e9volution. Balthasar Legal AG propose \u00e9galement ses formations en ligne sur la protection et la s\u00e9curit\u00e9 des donn\u00e9es ainsi que sur le droit de l&rsquo;intelligence artificielle via EXPERTsuisse.    <\/p>\n<p>Plus d&rsquo;informations sur<a href=\"https:\/\/www.expertsuisse.ch\/home\"> Expertsuisse<\/a><\/p>\n<p>[\/et_pb_text][\/et_pb_column][et_pb_column type=\u00a0\u00bb1_4&Prime; _builder_version=\u00a0\u00bb4.16&Prime; custom_padding=\u00a0\u00bb|||\u00a0\u00bb global_colors_info=\u00a0\u00bb{}\u00a0\u00bb custom_padding__hover=\u00a0\u00bb|||\u00a0\u00bb][et_pb_image src=\u00a0\u00bbhttps:\/\/balthasar-legal.ch\/wp-content\/uploads\/2025\/08\/EXPERTsuisse.png\u00a0\u00bb title_text=\u00a0\u00bbEXPERTsuisse\u00a0\u00bb _builder_version=\u00a0\u00bb4.27.4&Prime; _module_preset=\u00a0\u00bbdefault\u00a0\u00bb custom_padding=\u00a0\u00bb6px||||false|false\u00a0\u00bb global_colors_info=\u00a0\u00bb{}\u00a0\u00bb][\/et_pb_image][\/et_pb_column][\/et_pb_row][et_pb_row column_structure=\u00a0\u00bb3_4,1_4&Prime; use_custom_gutter=\u00a0\u00bbon\u00a0\u00bb gutter_width=\u00a0\u00bb2&Prime; _builder_version=\u00a0\u00bb4.16&Prime; custom_padding=\u00a0\u00bb11px|0px|27px|0px|false|false\u00a0\u00bb animation_direction=\u00a0\u00bbbottom\u00a0\u00bb use_custom_width=\u00a0\u00bbon\u00a0\u00bb custom_width_px=\u00a0\u00bb1300px\u00a0\u00bb global_colors_info=\u00a0\u00bb{}\u00a0\u00bb][et_pb_column type=\u00a0\u00bb3_4&Prime; _builder_version=\u00a0\u00bb4.16&Prime; custom_padding=\u00a0\u00bb|||\u00a0\u00bb global_colors_info=\u00a0\u00bb{}\u00a0\u00bb custom_padding__hover=\u00a0\u00bb|||\u00a0\u00bb][et_pb_text _builder_version=\u00a0\u00bb4.27.4&Prime; text_font=\u00a0\u00bbPoppins||||||||\u00a0\u00bb text_line_height=\u00a0\u00bb1.8em\u00a0\u00bb header_font=\u00a0\u00bbMontserrat|700|||||||\u00a0\u00bb header_text_align=\u00a0\u00bbleft\u00a0\u00bb header_text_color=\u00a0\u00bb#343434&Prime; header_font_size=\u00a0\u00bb40px\u00a0\u00bb header_2_font=\u00a0\u00bb||||||||\u00a0\u00bb header_2_font_size=\u00a0\u00bb15px\u00a0\u00bb max_width=\u00a0\u00bb88%\u00a0\u00bb max_width_tablet=\u00a0\u00bb\u00a0\u00bb max_width_phone=\u00a0\u00bb98%\u00a0\u00bb max_width_last_edited=\u00a0\u00bbon|desktop\u00a0\u00bb global_colors_info=\u00a0\u00bb{}\u00a0\u00bb]<\/p>\n<h3>Les femmes au pouvoir<\/h3>\n<p>Women in Power est une initiative visant \u00e0 promouvoir la diversit\u00e9, l&rsquo;\u00e9galit\u00e9 et l&rsquo;autonomisation des femmes dans le secteur \u00e9nerg\u00e9tique suisse. L&rsquo;initiative met en r\u00e9seau des sp\u00e9cialistes et des cadres, organise des manifestations et renforce le dialogue interdisciplinaire entre l&rsquo;\u00e9conomie, la science et la politique.<\/p>\n<p>L&rsquo;accent est mis sur la visibilit\u00e9, l&rsquo;\u00e9change et les mesures concr\u00e8tes visant \u00e0 am\u00e9liorer l&rsquo;\u00e9galit\u00e9 des chances &#8211; dans le but de rendre le secteur de l&rsquo;\u00e9nergie durable, inclusif et innovant. En tant que partenaire, Balthasar Legal AG soutient cet engagement avec son expertise juridique dans les domaines de la protection des donn\u00e9es, du droit informatique et du droit de l&rsquo;\u00e9nergie.<\/p>\n<p>Plus d&rsquo;informations sur <a href=\"https:\/\/www.womeninpower.ch\/\" data-saferedirecturl=\"https:\/\/www.google.com\/url?q=https:\/\/www.womeninpower.ch\/&amp;source=gmail&amp;ust=1756143386797000&amp;usg=AOvVaw3ybdmlWA9kP9SidpMOoLCf\">Women in Power<\/a><\/p>\n<p>[\/et_pb_text][\/et_pb_column][et_pb_column type=\u00a0\u00bb1_4&Prime; _builder_version=\u00a0\u00bb4.16&Prime; custom_padding=\u00a0\u00bb|||\u00a0\u00bb global_colors_info=\u00a0\u00bb{}\u00a0\u00bb custom_padding__hover=\u00a0\u00bb|||\u00a0\u00bb][et_pb_image src=\u00a0\u00bbhttps:\/\/balthasar-legal.ch\/wp-content\/uploads\/2025\/08\/WomeninPower_gefuellt.png\u00a0\u00bb alt=\u00a0\u00bbGraphique Women in Power\u00a0\u00bb title_text=\u00a0\u00bbWomeninPower_gefellt\u00a0\u00bb _builder_version=\u00a0\u00bb4.27.4&Prime; _module_preset=\u00a0\u00bbdefault\u00a0\u00bb custom_padding=\u00a0\u00bb6px||||false|false\u00a0\u00bb global_colors_info=\u00a0\u00bb{}\u00a0\u00bb][\/et_pb_image][\/et_pb_column][\/et_pb_row][et_pb_row column_structure=\u00a0\u00bb3_4,1_4&Prime; use_custom_gutter=\u00a0\u00bbon\u00a0\u00bb gutter_width=\u00a0\u00bb2&Prime; _builder_version=\u00a0\u00bb4.16&Prime; custom_padding=\u00a0\u00bb11px|0px|27px|0px|false|false\u00a0\u00bb animation_direction=\u00a0\u00bbbottom\u00a0\u00bb use_custom_width=\u00a0\u00bbon\u00a0\u00bb custom_width_px=\u00a0\u00bb1300px\u00a0\u00bb locked=\u00a0\u00bboff\u00a0\u00bb global_colors_info=\u00a0\u00bb{}\u00a0\u00bb][et_pb_column type=\u00a0\u00bb3_4&Prime; _builder_version=\u00a0\u00bb4.16&Prime; custom_padding=\u00a0\u00bb|||\u00a0\u00bb global_colors_info=\u00a0\u00bb{}\u00a0\u00bb custom_padding__hover=\u00a0\u00bb|||\u00a0\u00bb][et_pb_text _builder_version=\u00a0\u00bb4.27.4&Prime; text_font=\u00a0\u00bbPoppins||||||||\u00a0\u00bb text_line_height=\u00a0\u00bb1.8em\u00a0\u00bb header_font=\u00a0\u00bbMontserrat|700|||||||\u00a0\u00bb header_text_align=\u00a0\u00bbleft\u00a0\u00bb header_text_color=\u00a0\u00bb#343434&Prime; header_font_size=\u00a0\u00bb40px\u00a0\u00bb header_2_font=\u00a0\u00bb||||||||\u00a0\u00bb header_2_font_size=\u00a0\u00bb15px\u00a0\u00bb max_width=\u00a0\u00bb88%\u00a0\u00bb max_width_tablet=\u00a0\u00bb\u00a0\u00bb max_width_phone=\u00a0\u00bb98%\u00a0\u00bb max_width_last_edited=\u00a0\u00bbon|desktop\u00a0\u00bb global_colors_info=\u00a0\u00bb{}\u00a0\u00bb]<\/p>\n<h3>Legal by Design<\/h3>\n<p>Legal by Design SA est une agence innovante et une soci\u00e9t\u00e9 de conseil sp\u00e9cialis\u00e9e dans la conception d&rsquo;informations sur des sujets specialis\u00e9s complexes, en particulier dans le domaine du droit et de la compliance.<\/p>\n<p>Ses solutions interactives et statiques permettent aux collaborateurs de nos clients, dans le cadre d&rsquo;une approche en libre-service aussi \u00e9tendue que possible, de trouver, de comprendre et de mettre en \u0153uvre rapidement et facilement les informations dont ils ont besoin.<\/p>\n<p>Plus d&rsquo;informations sur <a href=\"https:\/\/legalbydesign.ch\/\">Legal by Design<\/a><a href=\"http:\/\/www.legalbydesign.ch\"><\/a><\/p>\n<p>[\/et_pb_text][\/et_pb_column][et_pb_column type=\u00a0\u00bb1_4&Prime; _builder_version=\u00a0\u00bb4.16&Prime; custom_padding=\u00a0\u00bb|||\u00a0\u00bb global_colors_info=\u00a0\u00bb{}\u00a0\u00bb custom_padding__hover=\u00a0\u00bb|||\u00a0\u00bb][et_pb_image src=\u00a0\u00bbhttps:\/\/balthasar-legal.ch\/wp-content\/uploads\/2025\/11\/LbD_Logo_sw.png\u00a0\u00bb alt=\u00a0\u00bbWomen in Power graphic\u00a0\u00bb title_text=\u00a0\u00bbLbD_Logo_sw\u00a0\u00bb _builder_version=\u00a0\u00bb4.27.4&Prime; _module_preset=\u00a0\u00bbdefault\u00a0\u00bb custom_padding=\u00a0\u00bb6px||||false|false\u00a0\u00bb hover_enabled=\u00a0\u00bb0&Prime; global_colors_info=\u00a0\u00bb{}\u00a0\u00bb max_width=\u00a0\u00bb200px\u00a0\u00bb sticky_enabled=\u00a0\u00bb0&Prime;][\/et_pb_image][\/et_pb_column][\/et_pb_row][\/et_pb_section]<\/p>\n","protected":false},"excerpt":{"rendered":"<p>PartenariatsL&rsquo;union fait la forceNous travaillons en \u00e9quipes pluridisciplinaires avec des sp\u00e9cialistes de la s\u00e9curit\u00e9 de l&rsquo;information, des conseillers fiscaux, des conseillers d&rsquo;entreprise, des cabinets d&rsquo;avocats et des notaires. goSecurity goSecurity AG est une entreprise leader dans l&rsquo;approche globale de la s\u00e9curit\u00e9 dans le domaine des technologies de l&rsquo;information (TI). Depuis 2001, les professionnels s&rsquo;occupent des [&hellip;]<\/p>\n","protected":false},"author":3,"featured_media":0,"parent":0,"menu_order":0,"comment_status":"closed","ping_status":"closed","template":"","meta":{"_et_pb_use_builder":"on","_et_pb_old_content":"","_et_gb_content_width":"","footnotes":""},"dipi_cpt_category":[],"class_list":["post-1826","page","type-page","status-publish","hentry"],"yoast_head":"<!-- This site is optimized with the Yoast SEO plugin v27.4 - https:\/\/yoast.com\/product\/yoast-seo-wordpress\/ -->\n<title>Partenariats - Balthasar Legal<\/title>\n<meta name=\"robots\" content=\"index, follow, max-snippet:-1, max-image-preview:large, max-video-preview:-1\" \/>\n<link rel=\"canonical\" href=\"https:\/\/balthasar-legal.ch\/fr\/partenariats\/\" \/>\n<meta property=\"og:locale\" content=\"fr_FR\" \/>\n<meta property=\"og:type\" content=\"article\" \/>\n<meta property=\"og:title\" content=\"Partenariats - Balthasar Legal\" \/>\n<meta property=\"og:url\" content=\"https:\/\/balthasar-legal.ch\/fr\/partenariats\/\" \/>\n<meta property=\"og:site_name\" content=\"Balthasar Legal\" \/>\n<meta property=\"article:modified_time\" content=\"2025-11-24T09:20:11+00:00\" \/>\n<meta property=\"og:image\" content=\"https:\/\/balthasar-legal.ch\/wp-content\/uploads\/2021\/04\/Balthasar-Legal-3.jpg\" \/>\n\t<meta property=\"og:image:width\" content=\"2560\" \/>\n\t<meta property=\"og:image:height\" content=\"1707\" \/>\n\t<meta property=\"og:image:type\" content=\"image\/jpeg\" \/>\n<meta name=\"twitter:card\" content=\"summary_large_image\" \/>\n<meta name=\"twitter:label1\" content=\"Dur\u00e9e de lecture estim\u00e9e\" \/>\n\t<meta name=\"twitter:data1\" content=\"2 minutes\" \/>\n<script type=\"application\/ld+json\" class=\"yoast-schema-graph\">{\"@context\":\"https:\\\/\\\/schema.org\",\"@graph\":[{\"@type\":\"WebPage\",\"@id\":\"https:\\\/\\\/balthasar-legal.ch\\\/fr\\\/partenariats\\\/\",\"url\":\"https:\\\/\\\/balthasar-legal.ch\\\/fr\\\/partenariats\\\/\",\"name\":\"Partenariats - Balthasar Legal\",\"isPartOf\":{\"@id\":\"https:\\\/\\\/balthasar-legal.ch\\\/fr\\\/#website\"},\"datePublished\":\"2021-05-19T14:42:03+00:00\",\"dateModified\":\"2025-11-24T09:20:11+00:00\",\"breadcrumb\":{\"@id\":\"https:\\\/\\\/balthasar-legal.ch\\\/fr\\\/partenariats\\\/#breadcrumb\"},\"inLanguage\":\"fr-FR\",\"potentialAction\":[{\"@type\":\"ReadAction\",\"target\":[\"https:\\\/\\\/balthasar-legal.ch\\\/fr\\\/partenariats\\\/\"]}]},{\"@type\":\"BreadcrumbList\",\"@id\":\"https:\\\/\\\/balthasar-legal.ch\\\/fr\\\/partenariats\\\/#breadcrumb\",\"itemListElement\":[{\"@type\":\"ListItem\",\"position\":1,\"name\":\"Startseite\",\"item\":\"https:\\\/\\\/balthasar-legal.ch\\\/fr\\\/\"},{\"@type\":\"ListItem\",\"position\":2,\"name\":\"Partenariats\"}]},{\"@type\":\"WebSite\",\"@id\":\"https:\\\/\\\/balthasar-legal.ch\\\/fr\\\/#website\",\"url\":\"https:\\\/\\\/balthasar-legal.ch\\\/fr\\\/\",\"name\":\"Balthasar Legal AG\",\"description\":\"Rechtssicherheit und Governance f\u00fcr die digitale und nachhaltige Zukunft\",\"potentialAction\":[{\"@type\":\"SearchAction\",\"target\":{\"@type\":\"EntryPoint\",\"urlTemplate\":\"https:\\\/\\\/balthasar-legal.ch\\\/fr\\\/?s={search_term_string}\"},\"query-input\":{\"@type\":\"PropertyValueSpecification\",\"valueRequired\":true,\"valueName\":\"search_term_string\"}}],\"inLanguage\":\"fr-FR\"}]}<\/script>\n<!-- \/ Yoast SEO plugin. -->","yoast_head_json":{"title":"Partenariats - Balthasar Legal","robots":{"index":"index","follow":"follow","max-snippet":"max-snippet:-1","max-image-preview":"max-image-preview:large","max-video-preview":"max-video-preview:-1"},"canonical":"https:\/\/balthasar-legal.ch\/fr\/partenariats\/","og_locale":"fr_FR","og_type":"article","og_title":"Partenariats - Balthasar Legal","og_url":"https:\/\/balthasar-legal.ch\/fr\/partenariats\/","og_site_name":"Balthasar Legal","article_modified_time":"2025-11-24T09:20:11+00:00","og_image":[{"width":2560,"height":1707,"url":"https:\/\/balthasar-legal.ch\/wp-content\/uploads\/2021\/04\/Balthasar-Legal-3.jpg","type":"image\/jpeg"}],"twitter_card":"summary_large_image","twitter_misc":{"Dur\u00e9e de lecture estim\u00e9e":"2 minutes"},"schema":{"@context":"https:\/\/schema.org","@graph":[{"@type":"WebPage","@id":"https:\/\/balthasar-legal.ch\/fr\/partenariats\/","url":"https:\/\/balthasar-legal.ch\/fr\/partenariats\/","name":"Partenariats - Balthasar Legal","isPartOf":{"@id":"https:\/\/balthasar-legal.ch\/fr\/#website"},"datePublished":"2021-05-19T14:42:03+00:00","dateModified":"2025-11-24T09:20:11+00:00","breadcrumb":{"@id":"https:\/\/balthasar-legal.ch\/fr\/partenariats\/#breadcrumb"},"inLanguage":"fr-FR","potentialAction":[{"@type":"ReadAction","target":["https:\/\/balthasar-legal.ch\/fr\/partenariats\/"]}]},{"@type":"BreadcrumbList","@id":"https:\/\/balthasar-legal.ch\/fr\/partenariats\/#breadcrumb","itemListElement":[{"@type":"ListItem","position":1,"name":"Startseite","item":"https:\/\/balthasar-legal.ch\/fr\/"},{"@type":"ListItem","position":2,"name":"Partenariats"}]},{"@type":"WebSite","@id":"https:\/\/balthasar-legal.ch\/fr\/#website","url":"https:\/\/balthasar-legal.ch\/fr\/","name":"Balthasar Legal AG","description":"Rechtssicherheit und Governance f\u00fcr die digitale und nachhaltige Zukunft","potentialAction":[{"@type":"SearchAction","target":{"@type":"EntryPoint","urlTemplate":"https:\/\/balthasar-legal.ch\/fr\/?s={search_term_string}"},"query-input":{"@type":"PropertyValueSpecification","valueRequired":true,"valueName":"search_term_string"}}],"inLanguage":"fr-FR"}]}},"_links":{"self":[{"href":"https:\/\/balthasar-legal.ch\/fr\/wp-json\/wp\/v2\/pages\/1826","targetHints":{"allow":["GET"]}}],"collection":[{"href":"https:\/\/balthasar-legal.ch\/fr\/wp-json\/wp\/v2\/pages"}],"about":[{"href":"https:\/\/balthasar-legal.ch\/fr\/wp-json\/wp\/v2\/types\/page"}],"author":[{"embeddable":true,"href":"https:\/\/balthasar-legal.ch\/fr\/wp-json\/wp\/v2\/users\/3"}],"replies":[{"embeddable":true,"href":"https:\/\/balthasar-legal.ch\/fr\/wp-json\/wp\/v2\/comments?post=1826"}],"version-history":[{"count":21,"href":"https:\/\/balthasar-legal.ch\/fr\/wp-json\/wp\/v2\/pages\/1826\/revisions"}],"predecessor-version":[{"id":8763,"href":"https:\/\/balthasar-legal.ch\/fr\/wp-json\/wp\/v2\/pages\/1826\/revisions\/8763"}],"wp:attachment":[{"href":"https:\/\/balthasar-legal.ch\/fr\/wp-json\/wp\/v2\/media?parent=1826"}],"wp:term":[{"taxonomy":"dipi_cpt_category","embeddable":true,"href":"https:\/\/balthasar-legal.ch\/fr\/wp-json\/wp\/v2\/dipi_cpt_category?post=1826"}],"curies":[{"name":"wp","href":"https:\/\/api.w.org\/{rel}","templated":true}]}}