{"id":8279,"date":"2025-09-24T15:49:13","date_gmt":"2025-09-24T13:49:13","guid":{"rendered":"https:\/\/balthasar-legal.ch\/nos-valeurs\/"},"modified":"2025-12-10T15:27:25","modified_gmt":"2025-12-10T14:27:25","slug":"nos-valeurs","status":"publish","type":"page","link":"https:\/\/balthasar-legal.ch\/fr\/nos-valeurs\/","title":{"rendered":"Nos valeurs"},"content":{"rendered":"<p>[et_pb_section fb_built=\u00a0\u00bb1&Prime; _builder_version=\u00a0\u00bb4.27.4&Prime; background_image=\u00a0\u00bbhttps:\/\/balthasar-legal.ch\/wp-content\/uploads\/2025\/08\/iStock-666030004.jpg\u00a0\u00bb custom_padding=\u00a0\u00bb10vw||10vw||true|false\u00a0\u00bb global_colors_info=\u00a0\u00bb{}\u00a0\u00bb][et_pb_row _builder_version=\u00a0\u00bb4.16&Prime; use_custom_width=\u00a0\u00bbon\u00a0\u00bb custom_width_px=\u00a0\u00bb1300px\u00a0\u00bb global_colors_info=\u00a0\u00bb{}\u00a0\u00bb][et_pb_column type=\u00a0\u00bb4_4&Prime; _builder_version=\u00a0\u00bb4.16&Prime; custom_padding=\u00a0\u00bb|||\u00a0\u00bb global_colors_info=\u00a0\u00bb{}\u00a0\u00bb custom_padding__hover=\u00a0\u00bb|||\u00a0\u00bb][et_pb_text _builder_version=\u00a0\u00bb4.16&Prime; background_layout=\u00a0\u00bbdark\u00a0\u00bb global_colors_info=\u00a0\u00bb{}\u00a0\u00bb]<\/p>\n<h1>Nos valeurs<\/h1>\n<p>[\/et_pb_text][\/et_pb_column][\/et_pb_row][\/et_pb_section][et_pb_section fb_built=\u00a0\u00bb1&Prime; _builder_version=\u00a0\u00bb4.27.0&Prime; global_colors_info=\u00a0\u00bb{}\u00a0\u00bb][et_pb_row column_structure=\u00a0\u00bb1_3,1_3,1_3&Prime; use_custom_gutter=\u00a0\u00bbon\u00a0\u00bb gutter_width=\u00a0\u00bb2&Prime; make_equal=\u00a0\u00bbon\u00a0\u00bb _builder_version=\u00a0\u00bb4.27.4&Prime; _module_preset=\u00a0\u00bbdefault\u00a0\u00bb custom_margin=\u00a0\u00bb25px||||false|false\u00a0\u00bb global_colors_info=\u00a0\u00bb{}\u00a0\u00bb][et_pb_column type=\u00a0\u00bb1_3&Prime; _builder_version=\u00a0\u00bb4.27.4&Prime; _module_preset=\u00a0\u00bbdefault\u00a0\u00bb background_color=\u00a0\u00bb#f3f3f3&Prime; custom_padding=\u00a0\u00bb25px|25px|25px|25px|true|true\u00a0\u00bb custom_padding_tablet=\u00a0\u00bb50px|50px|50px|50px|true|true\u00a0\u00bb custom_padding_phone=\u00a0\u00bb25px|25px|25px|25px|true|true\u00a0\u00bb custom_padding_last_edited=\u00a0\u00bboff|desktop\u00a0\u00bb global_colors_info=\u00a0\u00bb{}\u00a0\u00bb][et_pb_image src=\u00a0\u00bbhttps:\/\/balthasar-legal.ch\/wp-content\/uploads\/2021\/04\/Datenschutz-Schulungen_1.png\u00a0\u00bb alt=\u00a0\u00bbLogo comp\u00e9tent\u00a0\u00bb title_text=\u00a0\u00bbFormation \u00e0 la protection des donn\u00e9es_1&Prime; url=\u00a0\u00bb@ET-DC@eyJkeW5hbWljIjp0cnVlLCJjb250ZW50IjoicG9zdF9saW5rX3VybF9wYWdlIiwic2V0dGluZ3MiOnsicG9zdF9pZCI6IjEyIn19@\u00a0\u00bb align=\u00a0\u00bbcenter\u00a0\u00bb align_tablet=\u00a0\u00bbcenter\u00a0\u00bb align_phone=\u00a0\u00bb\u00a0\u00bb align_last_edited=\u00a0\u00bbon|desktop\u00a0\u00bb _builder_version=\u00a0\u00bb4.27.4&Prime; _dynamic_attributes=\u00a0\u00bburl\u00a0\u00bb max_width=\u00a0\u00bb80px\u00a0\u00bb custom_padding=\u00a0\u00bb25px||||false|false\u00a0\u00bb locked=\u00a0\u00bboff\u00a0\u00bb global_colors_info=\u00a0\u00bb{}\u00a0\u00bb][\/et_pb_image][et_pb_text _builder_version=\u00a0\u00bb4.27.4&Prime; _dynamic_attributes=\u00a0\u00bblink_option_url\u00a0\u00bb header_font=\u00a0\u00bbMontserrat|500|||||||\u00a0\u00bb header_text_align=\u00a0\u00bbcenter\u00a0\u00bb header_text_color=\u00a0\u00bb#504c54&Prime; header_font_size=\u00a0\u00bb38px\u00a0\u00bb header_line_height=\u00a0\u00bb1.4em\u00a0\u00bb header_2_font=\u00a0\u00bbMontserrat|800|||||||\u00a0\u00bb header_2_text_align=\u00a0\u00bbleft\u00a0\u00bb header_2_text_color=\u00a0\u00bb#2F3241&Prime; header_2_font_size=\u00a0\u00bb35px\u00a0\u00bb header_2_line_height=\u00a0\u00bb1.4em\u00a0\u00bb header_3_font=\u00a0\u00bbMontserrat||||||||\u00a0\u00bb header_3_text_align=\u00a0\u00bbcenter\u00a0\u00bb header_3_text_color=\u00a0\u00bb#504c54&Prime; header_3_font_size=\u00a0\u00bb18px\u00a0\u00bb header_3_line_height=\u00a0\u00bb1.4em\u00a0\u00bb header_4_font=\u00a0\u00bbMontserrat|800|||||||\u00a0\u00bb header_4_text_align=\u00a0\u00bbleft\u00a0\u00bb header_4_text_color=\u00a0\u00bb#2F3241&Prime; header_4_font_size=\u00a0\u00bb35px\u00a0\u00bb header_4_line_height=\u00a0\u00bb1.4em\u00a0\u00bb header_5_font=\u00a0\u00bbMontserrat|800|||||||\u00a0\u00bb header_5_text_align=\u00a0\u00bbleft\u00a0\u00bb header_5_text_color=\u00a0\u00bb#2F3241&Prime; header_5_font_size=\u00a0\u00bb35px\u00a0\u00bb header_5_line_height=\u00a0\u00bb1.4em\u00a0\u00bb header_6_font=\u00a0\u00bbMontserrat|800|||||||\u00a0\u00bb header_6_text_align=\u00a0\u00bbleft\u00a0\u00bb header_6_text_color=\u00a0\u00bb#2F3241&Prime; header_6_font_size=\u00a0\u00bb35px\u00a0\u00bb header_6_line_height=\u00a0\u00bb1.4em\u00a0\u00bb custom_margin=\u00a0\u00bb|||\u00a0\u00bb custom_padding=\u00a0\u00bb6px|||\u00a0\u00bb link_option_url=\u00a0\u00bb@ET-DC@eyJkeW5hbWljIjp0cnVlLCJjb250ZW50IjoicG9zdF9saW5rX3VybF9wYWdlIiwic2V0dGluZ3MiOnsicG9zdF9pZCI6IjEyIn19@\u00a0\u00bb locked=\u00a0\u00bboff\u00a0\u00bb global_colors_info=\u00a0\u00bb{}\u00a0\u00bb header_text_color__hover_enabled=\u00a0\u00bbon\u00a0\u00bb header_text_color__hover=\u00a0\u00bb#504c54&Prime;]<\/p>\n<h3 style=\"text-align: center;\">Comp\u00e9tent<\/h3>\n<p>[\/et_pb_text][et_pb_text _builder_version=\u00a0\u00bb4.27.4&Prime; _module_preset=\u00a0\u00bbdefault\u00a0\u00bb text_orientation=\u00a0\u00bbcenter\u00a0\u00bb global_colors_info=\u00a0\u00bb{}\u00a0\u00bb]<\/p>\n<p><span data-contrast=\"auto\" style=\"font-size: 16px; font-family: Poppins, sans-serif;\">Balthasar Legal est dirig\u00e9 par les deux associ\u00e9s Mich\u00e8le Balthasar et Patrick Baumgartner. Avec leur \u00e9quipe, ils se sont sp\u00e9cialis\u00e9s, en tant que sp\u00e9cialistes chevronn\u00e9s dans les domaines de la protection des donn\u00e9es, de l&rsquo;\u00e9nergie et de l&rsquo;informatique, dans le conseil aux petites et moyennes entreprises ainsi qu&rsquo;aux entreprises actives au niveau international.  <\/span>Parmi ses points forts, elle fait preuve d&rsquo;un grand engagement, d&#8217;empathie pour les domaines d&rsquo;activit\u00e9 concern\u00e9s et de cr\u00e9ativit\u00e9 dans la recherche de solutions.<\/p>\n<p>[\/et_pb_text][\/et_pb_column][et_pb_column type=\u00a0\u00bb1_3&Prime; _builder_version=\u00a0\u00bb4.27.4&Prime; _module_preset=\u00a0\u00bbdefault\u00a0\u00bb background_color=\u00a0\u00bb#f3f3f3&Prime; custom_padding=\u00a0\u00bb25px|25px|25px|25px|true|true\u00a0\u00bb global_colors_info=\u00a0\u00bb{}\u00a0\u00bb][et_pb_image src=\u00a0\u00bbhttps:\/\/balthasar-legal.ch\/wp-content\/uploads\/2021\/04\/Digitales-Energierecht_1.png\u00a0\u00bb alt=\u00a0\u00bbLogo efficace\u00a0\u00bb title_text=\u00a0\u00bbDroit de l&#039;\u00e9nergie num\u00e9rique_1&Prime; url=\u00a0\u00bb@ET-DC@eyJkeW5hbWljIjp0cnVlLCJjb250ZW50IjoicG9zdF9saW5rX3VybF9wYWdlIiwic2V0dGluZ3MiOnsicG9zdF9pZCI6IjEyIn19@\u00a0\u00bb align=\u00a0\u00bbcenter\u00a0\u00bb align_tablet=\u00a0\u00bbcenter\u00a0\u00bb align_phone=\u00a0\u00bb\u00a0\u00bb align_last_edited=\u00a0\u00bbon|desktop\u00a0\u00bb _builder_version=\u00a0\u00bb4.27.4&Prime; _dynamic_attributes=\u00a0\u00bburl\u00a0\u00bb max_width=\u00a0\u00bb80px\u00a0\u00bb custom_padding=\u00a0\u00bb25px||||false|false\u00a0\u00bb locked=\u00a0\u00bboff\u00a0\u00bb global_colors_info=\u00a0\u00bb{}\u00a0\u00bb][\/et_pb_image][et_pb_text _builder_version=\u00a0\u00bb4.27.4&Prime; _dynamic_attributes=\u00a0\u00bblink_option_url\u00a0\u00bb header_font=\u00a0\u00bbMontserrat|500|||||||\u00a0\u00bb header_text_align=\u00a0\u00bbcenter\u00a0\u00bb header_text_color=\u00a0\u00bb#504c54&Prime; header_font_size=\u00a0\u00bb38px\u00a0\u00bb header_line_height=\u00a0\u00bb1.4em\u00a0\u00bb header_2_font=\u00a0\u00bbMontserrat|800|||||||\u00a0\u00bb header_2_text_align=\u00a0\u00bbleft\u00a0\u00bb header_2_text_color=\u00a0\u00bb#2F3241&Prime; header_2_font_size=\u00a0\u00bb35px\u00a0\u00bb header_2_line_height=\u00a0\u00bb1.4em\u00a0\u00bb header_3_font=\u00a0\u00bbMontserrat||||||||\u00a0\u00bb header_3_text_align=\u00a0\u00bbcenter\u00a0\u00bb header_3_text_color=\u00a0\u00bb#504c54&Prime; header_3_font_size=\u00a0\u00bb18px\u00a0\u00bb header_3_line_height=\u00a0\u00bb1.4em\u00a0\u00bb header_4_font=\u00a0\u00bbMontserrat|800|||||||\u00a0\u00bb header_4_text_align=\u00a0\u00bbleft\u00a0\u00bb header_4_text_color=\u00a0\u00bb#2F3241&Prime; header_4_font_size=\u00a0\u00bb35px\u00a0\u00bb header_4_line_height=\u00a0\u00bb1.4em\u00a0\u00bb header_5_font=\u00a0\u00bbMontserrat|800|||||||\u00a0\u00bb header_5_text_align=\u00a0\u00bbleft\u00a0\u00bb header_5_text_color=\u00a0\u00bb#2F3241&Prime; header_5_font_size=\u00a0\u00bb35px\u00a0\u00bb header_5_line_height=\u00a0\u00bb1.4em\u00a0\u00bb header_6_font=\u00a0\u00bbMontserrat|800|||||||\u00a0\u00bb header_6_text_align=\u00a0\u00bbleft\u00a0\u00bb header_6_text_color=\u00a0\u00bb#2F3241&Prime; header_6_font_size=\u00a0\u00bb35px\u00a0\u00bb header_6_line_height=\u00a0\u00bb1.4em\u00a0\u00bb custom_margin=\u00a0\u00bb|||\u00a0\u00bb custom_padding=\u00a0\u00bb6px|||\u00a0\u00bb link_option_url=\u00a0\u00bb@ET-DC@eyJkeW5hbWljIjp0cnVlLCJjb250ZW50IjoicG9zdF9saW5rX3VybF9wYWdlIiwic2V0dGluZ3MiOnsicG9zdF9pZCI6IjEyIn19@\u00a0\u00bb locked=\u00a0\u00bboff\u00a0\u00bb global_colors_info=\u00a0\u00bb{}\u00a0\u00bb header_text_color__hover_enabled=\u00a0\u00bbon\u00a0\u00bb header_text_color__hover=\u00a0\u00bb#504c54&Prime;]<\/p>\n<h3 style=\"text-align: center;\">Efficace<\/h3>\n<p>[\/et_pb_text][et_pb_text _builder_version=\u00a0\u00bb4.27.4&Prime; _module_preset=\u00a0\u00bbdefault\u00a0\u00bb text_orientation=\u00a0\u00bbcenter\u00a0\u00bb global_colors_info=\u00a0\u00bb{}\u00a0\u00bb]<\/p>\n<p>Balthasar Legal d\u00e9finit les t\u00e2ches en fonction des objectifs et des id\u00e9es des clients. Sur cette base, elle soumet des propositions orient\u00e9es vers des solutions pratiques, simples et clairement compr\u00e9hensibles. Celles-ci comprennent entre autres des explications sur les risques et les opportunit\u00e9s, la mise en \u00e9vidence de possibilit\u00e9s d&rsquo;am\u00e9nagement et des recommandations concr\u00e8tes.<\/p>\n<p class=\"p1\">\n<p>[\/et_pb_text][\/et_pb_column][et_pb_column type=\u00a0\u00bb1_3&Prime; _builder_version=\u00a0\u00bb4.27.4&Prime; _module_preset=\u00a0\u00bbdefault\u00a0\u00bb background_color=\u00a0\u00bb#f3f3f3&Prime; custom_padding=\u00a0\u00bb25px|25px|25px|25px|true|true\u00a0\u00bb global_colors_info=\u00a0\u00bb{}\u00a0\u00bb][et_pb_image src=\u00a0\u00bbhttps:\/\/balthasar-legal.ch\/wp-content\/uploads\/2021\/04\/Technologierecht_1.png\u00a0\u00bb alt=\u00a0\u00bbLogo Transparent\u00a0\u00bb title_text=\u00a0\u00bbDroit de la technologie_1&Prime; url=\u00a0\u00bb@ET-DC@eyJkeW5hbWljIjp0cnVlLCJjb250ZW50IjoicG9zdF9saW5rX3VybF9wYWdlIiwic2V0dGluZ3MiOnsicG9zdF9pZCI6IjEyIn19@\u00a0\u00bb align=\u00a0\u00bbcenter\u00a0\u00bb align_tablet=\u00a0\u00bbcenter\u00a0\u00bb align_phone=\u00a0\u00bb\u00a0\u00bb align_last_edited=\u00a0\u00bbon|desktop\u00a0\u00bb _builder_version=\u00a0\u00bb4.27.4&Prime; _dynamic_attributes=\u00a0\u00bburl\u00a0\u00bb max_width=\u00a0\u00bb80px\u00a0\u00bb custom_padding=\u00a0\u00bb25px||||false|false\u00a0\u00bb locked=\u00a0\u00bboff\u00a0\u00bb global_colors_info=\u00a0\u00bb{}\u00a0\u00bb][\/et_pb_image][et_pb_text _builder_version=\u00a0\u00bb4.27.4&Prime; _dynamic_attributes=\u00a0\u00bblink_option_url\u00a0\u00bb header_font=\u00a0\u00bbMontserrat|500|||||||\u00a0\u00bb header_text_align=\u00a0\u00bbcenter\u00a0\u00bb header_text_color=\u00a0\u00bb#504c54&Prime; header_font_size=\u00a0\u00bb38px\u00a0\u00bb header_line_height=\u00a0\u00bb1.4em\u00a0\u00bb header_2_font=\u00a0\u00bbMontserrat|800|||||||\u00a0\u00bb header_2_text_align=\u00a0\u00bbleft\u00a0\u00bb header_2_text_color=\u00a0\u00bb#2F3241&Prime; header_2_font_size=\u00a0\u00bb35px\u00a0\u00bb header_2_line_height=\u00a0\u00bb1.4em\u00a0\u00bb header_3_font=\u00a0\u00bbMontserrat||||||||\u00a0\u00bb header_3_text_align=\u00a0\u00bbcenter\u00a0\u00bb header_3_text_color=\u00a0\u00bb#504c54&Prime; header_3_font_size=\u00a0\u00bb18px\u00a0\u00bb header_3_line_height=\u00a0\u00bb1.4em\u00a0\u00bb header_4_font=\u00a0\u00bbMontserrat|800|||||||\u00a0\u00bb header_4_text_align=\u00a0\u00bbleft\u00a0\u00bb header_4_text_color=\u00a0\u00bb#2F3241&Prime; header_4_font_size=\u00a0\u00bb35px\u00a0\u00bb header_4_line_height=\u00a0\u00bb1.4em\u00a0\u00bb header_5_font=\u00a0\u00bbMontserrat|800|||||||\u00a0\u00bb header_5_text_align=\u00a0\u00bbleft\u00a0\u00bb header_5_text_color=\u00a0\u00bb#2F3241&Prime; header_5_font_size=\u00a0\u00bb35px\u00a0\u00bb header_5_line_height=\u00a0\u00bb1.4em\u00a0\u00bb header_6_font=\u00a0\u00bbMontserrat|800|||||||\u00a0\u00bb header_6_text_align=\u00a0\u00bbleft\u00a0\u00bb header_6_text_color=\u00a0\u00bb#2F3241&Prime; header_6_font_size=\u00a0\u00bb35px\u00a0\u00bb header_6_line_height=\u00a0\u00bb1.4em\u00a0\u00bb custom_margin=\u00a0\u00bb|||\u00a0\u00bb custom_padding=\u00a0\u00bb6px|||\u00a0\u00bb link_option_url=\u00a0\u00bb@ET-DC@eyJkeW5hbWljIjp0cnVlLCJjb250ZW50IjoicG9zdF9saW5rX3VybF9wYWdlIiwic2V0dGluZ3MiOnsicG9zdF9pZCI6IjEyIn19@\u00a0\u00bb locked=\u00a0\u00bboff\u00a0\u00bb global_colors_info=\u00a0\u00bb{}\u00a0\u00bb header_text_color__hover_enabled=\u00a0\u00bbon\u00a0\u00bb header_text_color__hover=\u00a0\u00bb#504c54&Prime;]<\/p>\n<h3 style=\"text-align: center;\">Transparent<\/h3>\n<p>[\/et_pb_text][et_pb_text _builder_version=\u00a0\u00bb4.27.4&Prime; _module_preset=\u00a0\u00bbdefault\u00a0\u00bb text_orientation=\u00a0\u00bbcenter\u00a0\u00bb global_colors_info=\u00a0\u00bb{}\u00a0\u00bb]<\/p>\n<p>La transparence et l&rsquo;honn\u00eatet\u00e9 sont les bases de la confiance. La pr\u00e9sentation claire des co\u00fbts et donc des factures compr\u00e9hensibles est donc une priorit\u00e9 absolue, en plus de la tr\u00e8s bonne qualit\u00e9 du travail. Balthasar Legal tient beaucoup \u00e0 une collaboration \u00e0 long terme et \u00e0 une ambiance de travail agr\u00e9able.<\/p>\n<p>&nbsp;<\/p>\n<p class=\"p1\">\n<p>[\/et_pb_text][\/et_pb_column][\/et_pb_row][\/et_pb_section]<\/p>\n","protected":false},"excerpt":{"rendered":"<p>Nos valeursComp\u00e9tentBalthasar Legal est dirig\u00e9 par les deux associ\u00e9s Mich\u00e8le Balthasar et Patrick Baumgartner. Avec leur \u00e9quipe, ils se sont sp\u00e9cialis\u00e9s, en tant que sp\u00e9cialistes chevronn\u00e9s dans les domaines de la protection des donn\u00e9es, de l&rsquo;\u00e9nergie et de l&rsquo;informatique, dans le conseil aux petites et moyennes entreprises ainsi qu&rsquo;aux entreprises actives au niveau international. Parmi [&hellip;]<\/p>\n","protected":false},"author":1,"featured_media":0,"parent":0,"menu_order":0,"comment_status":"closed","ping_status":"closed","template":"","meta":{"_et_pb_use_builder":"on","_et_pb_old_content":"","_et_gb_content_width":"","footnotes":""},"dipi_cpt_category":[],"class_list":["post-8279","page","type-page","status-publish","hentry"],"yoast_head":"<!-- This site is optimized with the Yoast SEO plugin v27.4 - https:\/\/yoast.com\/product\/yoast-seo-wordpress\/ -->\n<title>Nos valeurs - Balthasar Legal<\/title>\n<meta name=\"robots\" content=\"index, follow, max-snippet:-1, max-image-preview:large, max-video-preview:-1\" \/>\n<link rel=\"canonical\" href=\"https:\/\/balthasar-legal.ch\/fr\/nos-valeurs\/\" \/>\n<meta property=\"og:locale\" content=\"fr_FR\" \/>\n<meta property=\"og:type\" content=\"article\" \/>\n<meta property=\"og:title\" content=\"Nos valeurs - Balthasar Legal\" \/>\n<meta property=\"og:url\" content=\"https:\/\/balthasar-legal.ch\/fr\/nos-valeurs\/\" \/>\n<meta property=\"og:site_name\" content=\"Balthasar Legal\" \/>\n<meta property=\"article:modified_time\" content=\"2025-12-10T14:27:25+00:00\" \/>\n<meta property=\"og:image\" content=\"https:\/\/balthasar-legal.ch\/wp-content\/uploads\/2021\/04\/Balthasar-Legal-3.jpg\" \/>\n\t<meta property=\"og:image:width\" content=\"2560\" \/>\n\t<meta property=\"og:image:height\" content=\"1707\" \/>\n\t<meta property=\"og:image:type\" content=\"image\/jpeg\" \/>\n<meta name=\"twitter:card\" content=\"summary_large_image\" \/>\n<meta name=\"twitter:label1\" content=\"Dur\u00e9e de lecture estim\u00e9e\" \/>\n\t<meta name=\"twitter:data1\" content=\"6 minutes\" \/>\n<script type=\"application\/ld+json\" class=\"yoast-schema-graph\">{\"@context\":\"https:\\\/\\\/schema.org\",\"@graph\":[{\"@type\":\"WebPage\",\"@id\":\"https:\\\/\\\/balthasar-legal.ch\\\/fr\\\/nos-valeurs\\\/\",\"url\":\"https:\\\/\\\/balthasar-legal.ch\\\/fr\\\/nos-valeurs\\\/\",\"name\":\"Nos valeurs - Balthasar Legal\",\"isPartOf\":{\"@id\":\"https:\\\/\\\/balthasar-legal.ch\\\/fr\\\/#website\"},\"datePublished\":\"2025-09-24T13:49:13+00:00\",\"dateModified\":\"2025-12-10T14:27:25+00:00\",\"breadcrumb\":{\"@id\":\"https:\\\/\\\/balthasar-legal.ch\\\/fr\\\/nos-valeurs\\\/#breadcrumb\"},\"inLanguage\":\"fr-FR\",\"potentialAction\":[{\"@type\":\"ReadAction\",\"target\":[\"https:\\\/\\\/balthasar-legal.ch\\\/fr\\\/nos-valeurs\\\/\"]}]},{\"@type\":\"BreadcrumbList\",\"@id\":\"https:\\\/\\\/balthasar-legal.ch\\\/fr\\\/nos-valeurs\\\/#breadcrumb\",\"itemListElement\":[{\"@type\":\"ListItem\",\"position\":1,\"name\":\"Startseite\",\"item\":\"https:\\\/\\\/balthasar-legal.ch\\\/fr\\\/\"},{\"@type\":\"ListItem\",\"position\":2,\"name\":\"Nos valeurs\"}]},{\"@type\":\"WebSite\",\"@id\":\"https:\\\/\\\/balthasar-legal.ch\\\/fr\\\/#website\",\"url\":\"https:\\\/\\\/balthasar-legal.ch\\\/fr\\\/\",\"name\":\"Balthasar Legal AG\",\"description\":\"Rechtssicherheit und Governance f\u00fcr die digitale und nachhaltige Zukunft\",\"potentialAction\":[{\"@type\":\"SearchAction\",\"target\":{\"@type\":\"EntryPoint\",\"urlTemplate\":\"https:\\\/\\\/balthasar-legal.ch\\\/fr\\\/?s={search_term_string}\"},\"query-input\":{\"@type\":\"PropertyValueSpecification\",\"valueRequired\":true,\"valueName\":\"search_term_string\"}}],\"inLanguage\":\"fr-FR\"}]}<\/script>\n<!-- \/ Yoast SEO plugin. -->","yoast_head_json":{"title":"Nos valeurs - Balthasar Legal","robots":{"index":"index","follow":"follow","max-snippet":"max-snippet:-1","max-image-preview":"max-image-preview:large","max-video-preview":"max-video-preview:-1"},"canonical":"https:\/\/balthasar-legal.ch\/fr\/nos-valeurs\/","og_locale":"fr_FR","og_type":"article","og_title":"Nos valeurs - Balthasar Legal","og_url":"https:\/\/balthasar-legal.ch\/fr\/nos-valeurs\/","og_site_name":"Balthasar Legal","article_modified_time":"2025-12-10T14:27:25+00:00","og_image":[{"width":2560,"height":1707,"url":"https:\/\/balthasar-legal.ch\/wp-content\/uploads\/2021\/04\/Balthasar-Legal-3.jpg","type":"image\/jpeg"}],"twitter_card":"summary_large_image","twitter_misc":{"Dur\u00e9e de lecture estim\u00e9e":"6 minutes"},"schema":{"@context":"https:\/\/schema.org","@graph":[{"@type":"WebPage","@id":"https:\/\/balthasar-legal.ch\/fr\/nos-valeurs\/","url":"https:\/\/balthasar-legal.ch\/fr\/nos-valeurs\/","name":"Nos valeurs - Balthasar Legal","isPartOf":{"@id":"https:\/\/balthasar-legal.ch\/fr\/#website"},"datePublished":"2025-09-24T13:49:13+00:00","dateModified":"2025-12-10T14:27:25+00:00","breadcrumb":{"@id":"https:\/\/balthasar-legal.ch\/fr\/nos-valeurs\/#breadcrumb"},"inLanguage":"fr-FR","potentialAction":[{"@type":"ReadAction","target":["https:\/\/balthasar-legal.ch\/fr\/nos-valeurs\/"]}]},{"@type":"BreadcrumbList","@id":"https:\/\/balthasar-legal.ch\/fr\/nos-valeurs\/#breadcrumb","itemListElement":[{"@type":"ListItem","position":1,"name":"Startseite","item":"https:\/\/balthasar-legal.ch\/fr\/"},{"@type":"ListItem","position":2,"name":"Nos valeurs"}]},{"@type":"WebSite","@id":"https:\/\/balthasar-legal.ch\/fr\/#website","url":"https:\/\/balthasar-legal.ch\/fr\/","name":"Balthasar Legal AG","description":"Rechtssicherheit und Governance f\u00fcr die digitale und nachhaltige Zukunft","potentialAction":[{"@type":"SearchAction","target":{"@type":"EntryPoint","urlTemplate":"https:\/\/balthasar-legal.ch\/fr\/?s={search_term_string}"},"query-input":{"@type":"PropertyValueSpecification","valueRequired":true,"valueName":"search_term_string"}}],"inLanguage":"fr-FR"}]}},"_links":{"self":[{"href":"https:\/\/balthasar-legal.ch\/fr\/wp-json\/wp\/v2\/pages\/8279","targetHints":{"allow":["GET"]}}],"collection":[{"href":"https:\/\/balthasar-legal.ch\/fr\/wp-json\/wp\/v2\/pages"}],"about":[{"href":"https:\/\/balthasar-legal.ch\/fr\/wp-json\/wp\/v2\/types\/page"}],"author":[{"embeddable":true,"href":"https:\/\/balthasar-legal.ch\/fr\/wp-json\/wp\/v2\/users\/1"}],"replies":[{"embeddable":true,"href":"https:\/\/balthasar-legal.ch\/fr\/wp-json\/wp\/v2\/comments?post=8279"}],"version-history":[{"count":4,"href":"https:\/\/balthasar-legal.ch\/fr\/wp-json\/wp\/v2\/pages\/8279\/revisions"}],"predecessor-version":[{"id":8813,"href":"https:\/\/balthasar-legal.ch\/fr\/wp-json\/wp\/v2\/pages\/8279\/revisions\/8813"}],"wp:attachment":[{"href":"https:\/\/balthasar-legal.ch\/fr\/wp-json\/wp\/v2\/media?parent=8279"}],"wp:term":[{"taxonomy":"dipi_cpt_category","embeddable":true,"href":"https:\/\/balthasar-legal.ch\/fr\/wp-json\/wp\/v2\/dipi_cpt_category?post=8279"}],"curies":[{"name":"wp","href":"https:\/\/api.w.org\/{rel}","templated":true}]}}