{"id":8290,"date":"2025-09-24T15:49:16","date_gmt":"2025-09-24T13:49:16","guid":{"rendered":"https:\/\/balthasar-legal.ch\/team\/cv-de-patrick-baumgartner\/"},"modified":"2025-12-10T15:26:15","modified_gmt":"2025-12-10T14:26:15","slug":"cv-de-patrick-baumgartner","status":"publish","type":"page","link":"https:\/\/balthasar-legal.ch\/fr\/team\/cv-de-patrick-baumgartner\/","title":{"rendered":"CV de Patrick Baumgartner"},"content":{"rendered":"<p>[et_pb_section fb_built=\u00a0\u00bb1&Prime; _builder_version=\u00a0\u00bb4.27.4&Prime; background_color_gradient_direction=\u00a0\u00bb90deg\u00a0\u00bb background_image=\u00a0\u00bbhttps:\/\/balthasar-legal.ch\/wp-content\/uploads\/2025\/08\/iStock-1399718371-1.jpg\u00a0\u00bb custom_padding=\u00a0\u00bb209px|0px|246px|0px|false|false\u00a0\u00bb global_colors_info=\u00a0\u00bb{}\u00a0\u00bb][et_pb_row _builder_version=\u00a0\u00bb4.16&Prime; custom_padding=\u00a0\u00bb23px|0px|36px|0px|false|false\u00a0\u00bb animation_style=\u00a0\u00bbslide\u00a0\u00bb animation_duration=\u00a0\u00bb1500ms\u00a0\u00bb use_custom_width=\u00a0\u00bbon\u00a0\u00bb custom_width_px=\u00a0\u00bb1300px\u00a0\u00bb global_colors_info=\u00a0\u00bb{}\u00a0\u00bb][et_pb_column type=\u00a0\u00bb4_4&Prime; _builder_version=\u00a0\u00bb4.16&Prime; custom_padding=\u00a0\u00bb|||\u00a0\u00bb global_colors_info=\u00a0\u00bb{}\u00a0\u00bb custom_padding__hover=\u00a0\u00bb|||\u00a0\u00bb][et_pb_text _builder_version=\u00a0\u00bb4.27.4&Prime; background_layout=\u00a0\u00bbdark\u00a0\u00bb global_colors_info=\u00a0\u00bb{}\u00a0\u00bb]<\/p>\n<h1>Curriculum vitae<\/h1>\n<h3 class=\"et_pb_module_header\">Patrick Baumgartner<\/h3>\n<p>&nbsp;<\/p>\n<p>[\/et_pb_text][\/et_pb_column][\/et_pb_row][\/et_pb_section][et_pb_section fb_built=\u00a0\u00bb1&Prime; module_id=\u00a0\u00bbcv\u00a0\u00bb _builder_version=\u00a0\u00bb4.16&Prime; custom_padding=\u00a0\u00bb109px|0px|79px|0px|false|false\u00a0\u00bb global_colors_info=\u00a0\u00bb{}\u00a0\u00bb][et_pb_row column_structure=\u00a0\u00bb1_2,1_2&Prime; use_custom_gutter=\u00a0\u00bbon\u00a0\u00bb gutter_width=\u00a0\u00bb2&Prime; _builder_version=\u00a0\u00bb4.16&Prime; custom_padding=\u00a0\u00bb11px|0px|60px|0px|false|false\u00a0\u00bb animation_style=\u00a0\u00bbslide\u00a0\u00bb animation_direction=\u00a0\u00bbbottom\u00a0\u00bb animation_duration=\u00a0\u00bb1350ms\u00a0\u00bb animation_delay=\u00a0\u00bb500ms\u00a0\u00bb use_custom_width=\u00a0\u00bbon\u00a0\u00bb custom_width_px=\u00a0\u00bb1300px\u00a0\u00bb global_colors_info=\u00a0\u00bb{}\u00a0\u00bb][et_pb_column type=\u00a0\u00bb1_2&Prime; _builder_version=\u00a0\u00bb4.16&Prime; custom_padding=\u00a0\u00bb|||\u00a0\u00bb global_colors_info=\u00a0\u00bb{}\u00a0\u00bb custom_padding__hover=\u00a0\u00bb|||\u00a0\u00bb][et_pb_text _builder_version=\u00a0\u00bb4.16&Prime; global_colors_info=\u00a0\u00bb{}\u00a0\u00bb]<\/p>\n<h2>Exp\u00e9rience professionnelle<\/h2>\n<p>[\/et_pb_text][et_pb_divider divider_weight=\u00a0\u00bb3px\u00a0\u00bb _builder_version=\u00a0\u00bb4.16&Prime; max_width=\u00a0\u00bb6%\u00a0\u00bb custom_margin=\u00a0\u00bb-11px||0px\u00a0\u00bb global_colors_info=\u00a0\u00bb{}\u00a0\u00bb][\/et_pb_divider][et_pb_text _builder_version=\u00a0\u00bb4.16&Prime; text_font=\u00a0\u00bbPoppins||||||||\u00a0\u00bb text_text_color=\u00a0\u00bb#504c54&Prime; text_line_height=\u00a0\u00bb1.8em\u00a0\u00bb header_font=\u00a0\u00bbMontserrat|700|||||||\u00a0\u00bb header_text_align=\u00a0\u00bbleft\u00a0\u00bb header_text_color=\u00a0\u00bb#343434&Prime; header_font_size=\u00a0\u00bb40px\u00a0\u00bb header_2_font=\u00a0\u00bb||||||||\u00a0\u00bb header_2_font_size=\u00a0\u00bb15px\u00a0\u00bb max_width=\u00a0\u00bb88%\u00a0\u00bb global_colors_info=\u00a0\u00bb{}\u00a0\u00bb]<\/p>\n<p class=\"p2\">Depuis 2025<span class=\"Apple-tab-span\"><br \/><\/span><b>Associ\u00e9<\/b><br \/>Balthasar Legal AG<\/p>\n<p class=\"p2\">2022-2025<span class=\"Apple-tab-span\"><br \/><\/span><b>Conseiller g\u00e9n\u00e9ral CKW<\/b><br \/>Axpo Services AG<span class=\"Apple-converted-space\"> <\/span><\/p>\n<p class=\"p2\"><span class=\"Apple-tab-span\">2022-2025<br \/><\/span><strong>Membre du conseil d&rsquo;administration<\/strong><br \/>CKW Geb\u00e4udetechnik AG<\/p>\n<p class=\"p4\">2016-2025<span class=\"Apple-tab-span\"><br \/><strong>Membre du conseil d&rsquo;administration<\/strong><br \/><\/span>Elektro F\u00fcrst Holding AG<\/p>\n<p class=\"p5\">2016-2022<span class=\"Apple-tab-span\"><br \/><\/span><b><span class=\"TrackChangeTextInsertion TrackedChange SCXW73443092 BCX0\"><span data-contrast=\"auto\" xml:lang=\"EN-US\" lang=\"EN-US\" class=\"TextRun SCXW73443092 BCX0\"><span class=\"NormalTextRun SCXW73443092 BCX0\">Senior Legal Counsel \/ Regulatory Manager \/ Information Security Officer \/ Data Protection Manager<\/span><\/span><\/span><span data-contrast=\"auto\" xml:lang=\"EN-US\" lang=\"EN-US\" class=\"TextRun EmptyTextRun SCXW73443092 BCX0\"><\/span><span class=\"EOP TrackedChange SCXW73443092 BCX0\" data-ccp-props=\"{\"201341983\":0,\"335559738\":120,\"335559739\":0,\"335559740\":240}\"> <\/span><\/b><br \/>CKW SA<\/p>\n<p class=\"p5\">2011-2016<span class=\"Apple-tab-span\"><br \/><\/span><b>Avocat et notaire<\/b><br \/>Cabinet dans le canton de Zoug<\/p>\n<p class=\"p5\">2008-2011<span class=\"Apple-tab-span\"><br \/><\/span><b>Greffier de la section de droit commercial<br \/><\/b>Tribunal cantonal de Zoug<\/p>\n<p class=\"p5\">\n<p>[\/et_pb_text][\/et_pb_column][et_pb_column type=\u00a0\u00bb1_2&Prime; _builder_version=\u00a0\u00bb4.16&Prime; custom_padding=\u00a0\u00bb|||\u00a0\u00bb global_colors_info=\u00a0\u00bb{}\u00a0\u00bb custom_padding__hover=\u00a0\u00bb|||\u00a0\u00bb][et_pb_text _builder_version=\u00a0\u00bb4.16&Prime; text_font=\u00a0\u00bbPoppins||||||||\u00a0\u00bb text_text_color=\u00a0\u00bb#777777&Prime; header_font=\u00a0\u00bbMontserrat|700|||||||\u00a0\u00bb header_text_align=\u00a0\u00bbleft\u00a0\u00bb header_text_color=\u00a0\u00bb#343434&Prime; header_font_size=\u00a0\u00bb31px\u00a0\u00bb header_2_font=\u00a0\u00bb||||||||\u00a0\u00bb header_font_size_tablet=\u00a0\u00bb\u00a0\u00bb header_font_size_phone=\u00a0\u00bb30px\u00a0\u00bb header_font_size_last_edited=\u00a0\u00bbon|desktop\u00a0\u00bb locked=\u00a0\u00bboff\u00a0\u00bb global_colors_info=\u00a0\u00bb{}\u00a0\u00bb]<\/p>\n<h2>Carri\u00e8re<\/h2>\n<p>[\/et_pb_text][et_pb_divider divider_weight=\u00a0\u00bb3px\u00a0\u00bb _builder_version=\u00a0\u00bb4.16&Prime; max_width=\u00a0\u00bb6%\u00a0\u00bb custom_margin=\u00a0\u00bb-11px||0px\u00a0\u00bb global_colors_info=\u00a0\u00bb{}\u00a0\u00bb][\/et_pb_divider][et_pb_text _builder_version=\u00a0\u00bb4.21.0&Prime; text_font=\u00a0\u00bbPoppins||||||||\u00a0\u00bb text_text_color=\u00a0\u00bb#504c54&Prime; text_line_height=\u00a0\u00bb1.8em\u00a0\u00bb header_font=\u00a0\u00bbMontserrat|700|||||||\u00a0\u00bb header_text_align=\u00a0\u00bbleft\u00a0\u00bb header_text_color=\u00a0\u00bb#343434&Prime; header_font_size=\u00a0\u00bb40px\u00a0\u00bb header_2_font=\u00a0\u00bb||||||||\u00a0\u00bb header_2_font_size=\u00a0\u00bb15px\u00a0\u00bb max_width=\u00a0\u00bb88%\u00a0\u00bb locked=\u00a0\u00bboff\u00a0\u00bb global_colors_info=\u00a0\u00bb{}\u00a0\u00bb]<\/p>\n<p class=\"p1\">2014-2015<span class=\"Apple-tab-span\"><br \/><\/span><b>Executive MBL HSG<\/b><br \/>Universit\u00e9 de Saint-Gall<\/p>\n<p class=\"p2\">2012<span class=\"Apple-tab-span\"><br \/><\/span><b>Patente de notaire<\/b><br \/>Canton de Zoug<\/p>\n<p class=\"p2\">2008<br \/><b>Brevet d&rsquo;avocat<br \/><\/b><span class=\"Apple-converted-space\">Canton de Lucerne<b> <\/b><\/span> <\/p>\n<p class=\"p3\">2000-2005<span class=\"Apple-tab-span\"><br \/><\/span><b>Licence en droit (lic.iur.)<br \/><\/b>Universit\u00e9s de Zurich et Neuch\u00e2tel<b><\/b><\/p>\n<p class=\"p2\">2000<span class=\"Apple-tab-span\"><br \/><\/span><b>Maturit\u00e9 de type B<br \/><\/b>\u00c9cole cantonale de Lucerne<\/p>\n<p>[\/et_pb_text][et_pb_text _builder_version=\u00a0\u00bb4.16&Prime; text_font=\u00a0\u00bbPoppins||||||||\u00a0\u00bb text_text_color=\u00a0\u00bb#777777&Prime; header_font=\u00a0\u00bbMontserrat|700|||||||\u00a0\u00bb header_text_align=\u00a0\u00bbleft\u00a0\u00bb header_text_color=\u00a0\u00bb#343434&Prime; header_font_size=\u00a0\u00bb31px\u00a0\u00bb header_2_font=\u00a0\u00bb||||||||\u00a0\u00bb header_font_size_tablet=\u00a0\u00bb\u00a0\u00bb header_font_size_phone=\u00a0\u00bb30px\u00a0\u00bb header_font_size_last_edited=\u00a0\u00bbon|desktop\u00a0\u00bb global_colors_info=\u00a0\u00bb{}\u00a0\u00bb]<\/p>\n<h2><\/h2>\n<h2>Adh\u00e9sions<\/h2>\n<p>[\/et_pb_text][et_pb_divider divider_weight=\u00a0\u00bb3px\u00a0\u00bb _builder_version=\u00a0\u00bb4.16&Prime; max_width=\u00a0\u00bb6%\u00a0\u00bb custom_margin=\u00a0\u00bb-11px||0px\u00a0\u00bb locked=\u00a0\u00bboff\u00a0\u00bb global_colors_info=\u00a0\u00bb{}\u00a0\u00bb][\/et_pb_divider][et_pb_text _builder_version=\u00a0\u00bb4.21.0&Prime; text_font=\u00a0\u00bbPoppins||||||||\u00a0\u00bb text_text_color=\u00a0\u00bb#504c54&Prime; text_line_height=\u00a0\u00bb1.8em\u00a0\u00bb header_font=\u00a0\u00bbMontserrat|700|||||||\u00a0\u00bb header_text_align=\u00a0\u00bbleft\u00a0\u00bb header_text_color=\u00a0\u00bb#343434&Prime; header_font_size=\u00a0\u00bb40px\u00a0\u00bb header_2_font=\u00a0\u00bb||||||||\u00a0\u00bb header_2_font_size=\u00a0\u00bb15px\u00a0\u00bb max_width=\u00a0\u00bb88%\u00a0\u00bb global_colors_info=\u00a0\u00bb{}\u00a0\u00bb]<\/p>\n<p class=\"p1\"><b>Association des juristes de Lucerne<\/b><br \/>Membre du comit\u00e9 directeur<\/p>\n<p>[\/et_pb_text][et_pb_button button_url=\u00a0\u00bb@ET-DC@eyJkeW5hbWljIjp0cnVlLCJjb250ZW50IjoicG9zdF9saW5rX3VybF9wYWdlIiwic2V0dGluZ3MiOnsicG9zdF9pZCI6IjMyIn19@\u00a0\u00bb button_text=\u00a0\u00bbDemander sans engagement\u00a0\u00bb button_alignment=\u00a0\u00bbleft\u00a0\u00bb _builder_version=\u00a0\u00bb4.16&Prime; _dynamic_attributes=\u00a0\u00bbbutton_url\u00a0\u00bb _module_preset=\u00a0\u00bbdefault\u00a0\u00bb custom_button=\u00a0\u00bbon\u00a0\u00bb button_text_size=\u00a0\u00bb15px\u00a0\u00bb button_font=\u00a0\u00bbMontserrat|||on|||||\u00a0\u00bb locked=\u00a0\u00bboff\u00a0\u00bb global_colors_info=\u00a0\u00bb{}\u00a0\u00bb][\/et_pb_button][\/et_pb_column][\/et_pb_row][\/et_pb_section]<\/p>\n","protected":false},"excerpt":{"rendered":"<p>Curriculum vitae Patrick Baumgartner &nbsp;Exp\u00e9rience professionnelleDepuis 2025Associ\u00e9Balthasar Legal AG 2022-2025Conseiller g\u00e9n\u00e9ral CKWAxpo Services AG 2022-2025Membre du conseil d&rsquo;administrationCKW Geb\u00e4udetechnik AG 2016-2025Membre du conseil d&rsquo;administrationElektro F\u00fcrst Holding AG 2016-2022Senior Legal Counsel \/ Regulatory Manager \/ Information Security Officer \/ Data Protection Manager CKW SA 2011-2016Avocat et notaireCabinet dans le canton de Zoug 2008-2011Greffier de la section [&hellip;]<\/p>\n","protected":false},"author":1,"featured_media":0,"parent":4484,"menu_order":0,"comment_status":"closed","ping_status":"closed","template":"","meta":{"_et_pb_use_builder":"on","_et_pb_old_content":"","_et_gb_content_width":"","footnotes":""},"dipi_cpt_category":[],"class_list":["post-8290","page","type-page","status-publish","hentry"],"yoast_head":"<!-- This site is optimized with the Yoast SEO plugin v27.4 - https:\/\/yoast.com\/product\/yoast-seo-wordpress\/ -->\n<title>CV de Patrick Baumgartner - Balthasar Legal<\/title>\n<meta name=\"robots\" content=\"index, follow, max-snippet:-1, max-image-preview:large, max-video-preview:-1\" \/>\n<link rel=\"canonical\" href=\"https:\/\/balthasar-legal.ch\/fr\/team\/cv-de-patrick-baumgartner\/\" \/>\n<meta property=\"og:locale\" content=\"fr_FR\" \/>\n<meta property=\"og:type\" content=\"article\" \/>\n<meta property=\"og:title\" content=\"CV de Patrick Baumgartner - Balthasar Legal\" \/>\n<meta property=\"og:url\" content=\"https:\/\/balthasar-legal.ch\/fr\/team\/cv-de-patrick-baumgartner\/\" \/>\n<meta property=\"og:site_name\" content=\"Balthasar Legal\" \/>\n<meta property=\"article:modified_time\" content=\"2025-12-10T14:26:15+00:00\" \/>\n<meta property=\"og:image\" content=\"https:\/\/balthasar-legal.ch\/wp-content\/uploads\/2021\/04\/Balthasar-Legal-3.jpg\" \/>\n\t<meta property=\"og:image:width\" content=\"2560\" \/>\n\t<meta property=\"og:image:height\" content=\"1707\" \/>\n\t<meta property=\"og:image:type\" content=\"image\/jpeg\" \/>\n<meta name=\"twitter:card\" content=\"summary_large_image\" \/>\n<meta name=\"twitter:label1\" content=\"Dur\u00e9e de lecture estim\u00e9e\" \/>\n\t<meta name=\"twitter:data1\" content=\"3 minutes\" \/>\n<script type=\"application\/ld+json\" class=\"yoast-schema-graph\">{\"@context\":\"https:\\\/\\\/schema.org\",\"@graph\":[{\"@type\":\"WebPage\",\"@id\":\"https:\\\/\\\/balthasar-legal.ch\\\/fr\\\/team\\\/cv-de-patrick-baumgartner\\\/\",\"url\":\"https:\\\/\\\/balthasar-legal.ch\\\/fr\\\/team\\\/cv-de-patrick-baumgartner\\\/\",\"name\":\"CV de Patrick Baumgartner - Balthasar Legal\",\"isPartOf\":{\"@id\":\"https:\\\/\\\/balthasar-legal.ch\\\/fr\\\/#website\"},\"datePublished\":\"2025-09-24T13:49:16+00:00\",\"dateModified\":\"2025-12-10T14:26:15+00:00\",\"breadcrumb\":{\"@id\":\"https:\\\/\\\/balthasar-legal.ch\\\/fr\\\/team\\\/cv-de-patrick-baumgartner\\\/#breadcrumb\"},\"inLanguage\":\"fr-FR\",\"potentialAction\":[{\"@type\":\"ReadAction\",\"target\":[\"https:\\\/\\\/balthasar-legal.ch\\\/fr\\\/team\\\/cv-de-patrick-baumgartner\\\/\"]}]},{\"@type\":\"BreadcrumbList\",\"@id\":\"https:\\\/\\\/balthasar-legal.ch\\\/fr\\\/team\\\/cv-de-patrick-baumgartner\\\/#breadcrumb\",\"itemListElement\":[{\"@type\":\"ListItem\",\"position\":1,\"name\":\"Startseite\",\"item\":\"https:\\\/\\\/balthasar-legal.ch\\\/fr\\\/\"},{\"@type\":\"ListItem\",\"position\":2,\"name\":\"\u00c9quipe\",\"item\":\"https:\\\/\\\/balthasar-legal.ch\\\/fr\\\/team\\\/\"},{\"@type\":\"ListItem\",\"position\":3,\"name\":\"CV de Patrick Baumgartner\"}]},{\"@type\":\"WebSite\",\"@id\":\"https:\\\/\\\/balthasar-legal.ch\\\/fr\\\/#website\",\"url\":\"https:\\\/\\\/balthasar-legal.ch\\\/fr\\\/\",\"name\":\"Balthasar Legal AG\",\"description\":\"Rechtssicherheit und Governance f\u00fcr die digitale und nachhaltige Zukunft\",\"potentialAction\":[{\"@type\":\"SearchAction\",\"target\":{\"@type\":\"EntryPoint\",\"urlTemplate\":\"https:\\\/\\\/balthasar-legal.ch\\\/fr\\\/?s={search_term_string}\"},\"query-input\":{\"@type\":\"PropertyValueSpecification\",\"valueRequired\":true,\"valueName\":\"search_term_string\"}}],\"inLanguage\":\"fr-FR\"}]}<\/script>\n<!-- \/ Yoast SEO plugin. -->","yoast_head_json":{"title":"CV de Patrick Baumgartner - Balthasar Legal","robots":{"index":"index","follow":"follow","max-snippet":"max-snippet:-1","max-image-preview":"max-image-preview:large","max-video-preview":"max-video-preview:-1"},"canonical":"https:\/\/balthasar-legal.ch\/fr\/team\/cv-de-patrick-baumgartner\/","og_locale":"fr_FR","og_type":"article","og_title":"CV de Patrick Baumgartner - Balthasar Legal","og_url":"https:\/\/balthasar-legal.ch\/fr\/team\/cv-de-patrick-baumgartner\/","og_site_name":"Balthasar Legal","article_modified_time":"2025-12-10T14:26:15+00:00","og_image":[{"width":2560,"height":1707,"url":"https:\/\/balthasar-legal.ch\/wp-content\/uploads\/2021\/04\/Balthasar-Legal-3.jpg","type":"image\/jpeg"}],"twitter_card":"summary_large_image","twitter_misc":{"Dur\u00e9e de lecture estim\u00e9e":"3 minutes"},"schema":{"@context":"https:\/\/schema.org","@graph":[{"@type":"WebPage","@id":"https:\/\/balthasar-legal.ch\/fr\/team\/cv-de-patrick-baumgartner\/","url":"https:\/\/balthasar-legal.ch\/fr\/team\/cv-de-patrick-baumgartner\/","name":"CV de Patrick Baumgartner - Balthasar Legal","isPartOf":{"@id":"https:\/\/balthasar-legal.ch\/fr\/#website"},"datePublished":"2025-09-24T13:49:16+00:00","dateModified":"2025-12-10T14:26:15+00:00","breadcrumb":{"@id":"https:\/\/balthasar-legal.ch\/fr\/team\/cv-de-patrick-baumgartner\/#breadcrumb"},"inLanguage":"fr-FR","potentialAction":[{"@type":"ReadAction","target":["https:\/\/balthasar-legal.ch\/fr\/team\/cv-de-patrick-baumgartner\/"]}]},{"@type":"BreadcrumbList","@id":"https:\/\/balthasar-legal.ch\/fr\/team\/cv-de-patrick-baumgartner\/#breadcrumb","itemListElement":[{"@type":"ListItem","position":1,"name":"Startseite","item":"https:\/\/balthasar-legal.ch\/fr\/"},{"@type":"ListItem","position":2,"name":"\u00c9quipe","item":"https:\/\/balthasar-legal.ch\/fr\/team\/"},{"@type":"ListItem","position":3,"name":"CV de Patrick Baumgartner"}]},{"@type":"WebSite","@id":"https:\/\/balthasar-legal.ch\/fr\/#website","url":"https:\/\/balthasar-legal.ch\/fr\/","name":"Balthasar Legal AG","description":"Rechtssicherheit und Governance f\u00fcr die digitale und nachhaltige Zukunft","potentialAction":[{"@type":"SearchAction","target":{"@type":"EntryPoint","urlTemplate":"https:\/\/balthasar-legal.ch\/fr\/?s={search_term_string}"},"query-input":{"@type":"PropertyValueSpecification","valueRequired":true,"valueName":"search_term_string"}}],"inLanguage":"fr-FR"}]}},"_links":{"self":[{"href":"https:\/\/balthasar-legal.ch\/fr\/wp-json\/wp\/v2\/pages\/8290","targetHints":{"allow":["GET"]}}],"collection":[{"href":"https:\/\/balthasar-legal.ch\/fr\/wp-json\/wp\/v2\/pages"}],"about":[{"href":"https:\/\/balthasar-legal.ch\/fr\/wp-json\/wp\/v2\/types\/page"}],"author":[{"embeddable":true,"href":"https:\/\/balthasar-legal.ch\/fr\/wp-json\/wp\/v2\/users\/1"}],"replies":[{"embeddable":true,"href":"https:\/\/balthasar-legal.ch\/fr\/wp-json\/wp\/v2\/comments?post=8290"}],"version-history":[{"count":7,"href":"https:\/\/balthasar-legal.ch\/fr\/wp-json\/wp\/v2\/pages\/8290\/revisions"}],"predecessor-version":[{"id":8809,"href":"https:\/\/balthasar-legal.ch\/fr\/wp-json\/wp\/v2\/pages\/8290\/revisions\/8809"}],"up":[{"embeddable":true,"href":"https:\/\/balthasar-legal.ch\/fr\/wp-json\/wp\/v2\/pages\/4484"}],"wp:attachment":[{"href":"https:\/\/balthasar-legal.ch\/fr\/wp-json\/wp\/v2\/media?parent=8290"}],"wp:term":[{"taxonomy":"dipi_cpt_category","embeddable":true,"href":"https:\/\/balthasar-legal.ch\/fr\/wp-json\/wp\/v2\/dipi_cpt_category?post=8290"}],"curies":[{"name":"wp","href":"https:\/\/api.w.org\/{rel}","templated":true}]}}